{"id":15,"date":"2026-01-11T21:57:12","date_gmt":"2026-01-11T20:57:12","guid":{"rendered":"https:\/\/kasprzak.ch.pw.edu.pl\/services\/"},"modified":"2026-04-16T13:00:46","modified_gmt":"2026-04-16T11:00:46","slug":"services","status":"publish","type":"page","link":"https:\/\/kasprzak.ch.pw.edu.pl\/?page_id=15","title":{"rendered":"Publications"},"content":{"rendered":"\n<h2 class=\"wp-block-heading has-text-align-center\"><strong>Our recent publications<\/strong><\/h2>\n\n\n\n<p><strong>For full list, see: <a href=\"https:\/\/orcid.org\/0000-0002-4895-1038\">https:\/\/orcid.org\/0000-0002-4895-1038<\/a><\/strong><\/p>\n\n\n\n<div style=\"height:30px\" aria-hidden=\"true\" class=\"wp-block-spacer\"><\/div>\n\n\n\n<div class=\"wp-block-buttons alignwide is-content-justification-center is-layout-flex wp-container-core-buttons-is-layout-a89b3969 wp-block-buttons-is-layout-flex\">\n<div class=\"wp-block-button is-style-fill\"><a class=\"wp-block-button__link has-text-align-center wp-element-button\" href=\"https:\/\/kasprzak.ch.pw.edu.pl\/?page_id=4136&amp;preview=true\"><strong>See our cover gallery!<\/strong><\/a><\/div>\n<\/div>\n\n\n\n<div style=\"height:30px\" aria-hidden=\"true\" class=\"wp-block-spacer\"><\/div>\n\n\n\n<h2 class=\"wp-block-heading alignwide has-text-align-center\"><strong>2026<\/strong><\/h2>\n\n\n\n<div class=\"wp-block-media-text alignwide has-media-on-the-right is-stacked-on-mobile\" style=\"grid-template-columns:auto 43%\"><div class=\"wp-block-media-text__content\">\n<p>M. Borkowski, A. Drw\u0119cka, S. Zalewski, <span style=\"text-decoration: underline;\"><strong>A. Kasprzak<\/strong><\/span>, S. Szafert, B. Pigulski<br><em>A C66 Nanographene with Six Azulene Units and NIR-II Absorption: Toward Azulene-Based Carbon Allotropes<\/em><br>Journal of American Chemical Society, <strong>2026<\/strong><br><a href=\"https:\/\/doi.org\/10.1021\/jacs.6c04336\">https:\/\/doi.org\/10.1021\/jacs.6c04336<\/a><\/p>\n<\/div><figure class=\"wp-block-media-text__media\"><img loading=\"lazy\" decoding=\"async\" width=\"1024\" height=\"308\" src=\"https:\/\/kasprzak.ch.pw.edu.pl\/wp-content\/uploads\/2026\/04\/images_large_ja6c04336_0010-1024x308.jpeg\" alt=\"\" class=\"wp-image-4374 size-full\" srcset=\"https:\/\/kasprzak.ch.pw.edu.pl\/wp-content\/uploads\/2026\/04\/images_large_ja6c04336_0010-1024x308.jpeg 1024w, https:\/\/kasprzak.ch.pw.edu.pl\/wp-content\/uploads\/2026\/04\/images_large_ja6c04336_0010-300x90.jpeg 300w, https:\/\/kasprzak.ch.pw.edu.pl\/wp-content\/uploads\/2026\/04\/images_large_ja6c04336_0010-768x231.jpeg 768w, https:\/\/kasprzak.ch.pw.edu.pl\/wp-content\/uploads\/2026\/04\/images_large_ja6c04336_0010-1536x462.jpeg 1536w, https:\/\/kasprzak.ch.pw.edu.pl\/wp-content\/uploads\/2026\/04\/images_large_ja6c04336_0010.jpeg 1700w\" sizes=\"auto, (max-width: 1024px) 100vw, 1024px\" \/><\/figure><\/div>\n\n\n\n<div class=\"wp-block-media-text alignwide has-media-on-the-right is-stacked-on-mobile\" style=\"grid-template-columns:auto 43%\"><div class=\"wp-block-media-text__content\">\n<p>M. Sikorska, <strong><span style=\"text-decoration: underline;\">A. Kasprzak<\/span><\/strong>, I. P. Grudzi\u0144ski et al.<br><em>Translating magnetic fluid hyperthermia toward lung cancer treatment<\/em><br>Nanoscale, <strong>2026<\/strong><br><a href=\"https:\/\/doi.org\/10.1039\/D5NR05036G\">https:\/\/doi.org\/10.1039\/D5NR05036G<\/a><\/p>\n<\/div><figure class=\"wp-block-media-text__media\"><img loading=\"lazy\" decoding=\"async\" width=\"1024\" height=\"514\" src=\"https:\/\/kasprzak.ch.pw.edu.pl\/wp-content\/uploads\/2026\/04\/image-2-1024x514.png\" alt=\"\" class=\"wp-image-4359 size-full\" srcset=\"https:\/\/kasprzak.ch.pw.edu.pl\/wp-content\/uploads\/2026\/04\/image-2-1024x514.png 1024w, https:\/\/kasprzak.ch.pw.edu.pl\/wp-content\/uploads\/2026\/04\/image-2-300x151.png 300w, https:\/\/kasprzak.ch.pw.edu.pl\/wp-content\/uploads\/2026\/04\/image-2-768x385.png 768w, https:\/\/kasprzak.ch.pw.edu.pl\/wp-content\/uploads\/2026\/04\/image-2.png 1148w\" sizes=\"auto, (max-width: 1024px) 100vw, 1024px\" \/><\/figure><\/div>\n\n\n\n<div class=\"wp-block-media-text alignwide has-media-on-the-right is-stacked-on-mobile\" style=\"grid-template-columns:auto 43%\"><div class=\"wp-block-media-text__content\">\n<p><strong><span style=\"text-decoration: underline;\">S. Kulczyk<\/span><\/strong>, <strong><span style=\"text-decoration: underline;\">A. Kasprzak<\/span><\/strong><br><em>Perspectives in Designing Molecular Receptors Based on Aggregation Induced Emission-Active Ferrocene Derivatives<\/em><br>Analysis &amp; Sensing, <strong>2026<\/strong><br><a href=\"https:\/\/doi.org\/10.1002\/anse.202500173\">https:\/\/doi.org\/10.1002\/anse.202500173<\/a><\/p>\n<\/div><figure class=\"wp-block-media-text__media\"><img loading=\"lazy\" decoding=\"async\" width=\"433\" height=\"265\" src=\"https:\/\/kasprzak.ch.pw.edu.pl\/wp-content\/uploads\/2026\/04\/anse70039-blkfxd-0001-m-1.jpg\" alt=\"\" class=\"wp-image-4355 size-full\" srcset=\"https:\/\/kasprzak.ch.pw.edu.pl\/wp-content\/uploads\/2026\/04\/anse70039-blkfxd-0001-m-1.jpg 433w, https:\/\/kasprzak.ch.pw.edu.pl\/wp-content\/uploads\/2026\/04\/anse70039-blkfxd-0001-m-1-300x184.jpg 300w\" sizes=\"auto, (max-width: 433px) 100vw, 433px\" \/><\/figure><\/div>\n\n\n\n<div class=\"wp-block-media-text alignwide has-media-on-the-right is-stacked-on-mobile\" style=\"grid-template-columns:auto 43%\"><div class=\"wp-block-media-text__content\">\n<p><strong><span style=\"text-decoration: underline;\">J. S. Cyniak, D. Szel\u0105g, R. Sitek,<\/span><\/strong> W. Wr\u00f3blewski, <strong><span style=\"text-decoration: underline;\">A. Kasprzak<\/span><\/strong><br><em>Mechanochemically Synthesized Amidetriazoles for Effective Optical and Electrochemical Detection of Anions<\/em><br>Journal of Organic Chemistry, <strong>2026<\/strong><br><a href=\"https:\/\/doi.org\/10.1021\/acs.joc.5c03014\">https:\/\/doi.org\/10.1021\/acs.joc.5c03014<\/a><\/p>\n<\/div><figure class=\"wp-block-media-text__media\"><img loading=\"lazy\" decoding=\"async\" width=\"455\" height=\"500\" src=\"https:\/\/kasprzak.ch.pw.edu.pl\/wp-content\/uploads\/2026\/04\/jo5c03014_0011-2.webp\" alt=\"\" class=\"wp-image-4345 size-full\" srcset=\"https:\/\/kasprzak.ch.pw.edu.pl\/wp-content\/uploads\/2026\/04\/jo5c03014_0011-2.webp 455w, https:\/\/kasprzak.ch.pw.edu.pl\/wp-content\/uploads\/2026\/04\/jo5c03014_0011-2-273x300.webp 273w\" sizes=\"auto, (max-width: 455px) 100vw, 455px\" \/><\/figure><\/div>\n\n\n\n<div class=\"wp-block-media-text alignwide has-media-on-the-right is-stacked-on-mobile\" style=\"grid-template-columns:auto 43%\"><div class=\"wp-block-media-text__content\">\n<p><strong><span style=\"text-decoration: underline;\">A. Kasprzak<\/span><\/strong><br><em>Mechanochemical Copper-Catalyzed Azide\u2013Alkyne Cycloaddition (CuAAC)<\/em><br>Journal of Organic Chemistry, <strong>2026<\/strong><br><a href=\"https:\/\/doi.org\/10.1021\/acs.joc.5c02481\">https:\/\/doi.org\/10.1021\/acs.joc.5c02481<\/a><\/p>\n<\/div><figure class=\"wp-block-media-text__media\"><img loading=\"lazy\" decoding=\"async\" width=\"500\" height=\"204\" src=\"https:\/\/kasprzak.ch.pw.edu.pl\/wp-content\/uploads\/2026\/01\/jo5c02481_0021.webp\" alt=\"\" class=\"wp-image-3899 size-full\" srcset=\"https:\/\/kasprzak.ch.pw.edu.pl\/wp-content\/uploads\/2026\/01\/jo5c02481_0021.webp 500w, https:\/\/kasprzak.ch.pw.edu.pl\/wp-content\/uploads\/2026\/01\/jo5c02481_0021-300x122.webp 300w\" sizes=\"auto, (max-width: 500px) 100vw, 500px\" \/><\/figure><\/div>\n\n\n\n<hr class=\"wp-block-separator has-alpha-channel-opacity is-style-wide is-style-wide--1\"\/>\n\n\n\n<h2 class=\"wp-block-heading alignwide has-text-align-center\"><strong>2025<\/strong><\/h2>\n\n\n\n<div class=\"wp-block-media-text alignwide has-media-on-the-right is-stacked-on-mobile\" style=\"grid-template-columns:auto 43%\"><div class=\"wp-block-media-text__content\">\n<p><strong><span style=\"text-decoration: underline;\">J. S. Cyniak<\/span>, <\/strong>H. Sakurai<strong>,<span style=\"text-decoration: underline;\"> A. Kasprzak<\/span><\/strong><br><em>A New Generation of Sumanene-Based AIEgens for the Effective Recognition of Metal Cations in Solutions Containing 95 vol% of Water<\/em><br>Chemistry &#8211; a European Journal, <strong>2025<\/strong><br><a href=\"https:\/\/doi.org\/10.1002\/chem.202500705\">https:\/\/doi.org\/10.1002\/chem.202500705<\/a><\/p>\n\n\n\n<p><\/p>\n<\/div><figure class=\"wp-block-media-text__media\"><img loading=\"lazy\" decoding=\"async\" width=\"1024\" height=\"505\" src=\"https:\/\/kasprzak.ch.pw.edu.pl\/wp-content\/uploads\/2026\/02\/chej2025-1024x505.jpg\" alt=\"\" class=\"wp-image-3979 size-full\" srcset=\"https:\/\/kasprzak.ch.pw.edu.pl\/wp-content\/uploads\/2026\/02\/chej2025-1024x505.jpg 1024w, https:\/\/kasprzak.ch.pw.edu.pl\/wp-content\/uploads\/2026\/02\/chej2025-300x148.jpg 300w, https:\/\/kasprzak.ch.pw.edu.pl\/wp-content\/uploads\/2026\/02\/chej2025-768x379.jpg 768w, https:\/\/kasprzak.ch.pw.edu.pl\/wp-content\/uploads\/2026\/02\/chej2025-1536x758.jpg 1536w, https:\/\/kasprzak.ch.pw.edu.pl\/wp-content\/uploads\/2026\/02\/chej2025-2048x1011.jpg 2048w\" sizes=\"auto, (max-width: 1024px) 100vw, 1024px\" \/><\/figure><\/div>\n\n\n\n<div class=\"wp-block-media-text alignwide has-media-on-the-right is-stacked-on-mobile\" style=\"grid-template-columns:auto 43%\"><div class=\"wp-block-media-text__content\">\n<p>P. Wieci\u0144ski, A. Wi\u0119c\u0142aw-Midor, M. Kukielski, <strong><span style=\"text-decoration: underline;\">A. Kasprzak<\/span><\/strong>, <br>J. Ta\u0144ska, B. Seredy\u0144ska, P. Wieci\u0144ska<br><em>Exploring the thermal transformations of glucosamine-functionalized graphene oxide aimed at controlled fabrication of polycrystalline ceramic-graphene composites<\/em><br>Thermochimica Acta, <strong>2025<\/strong><br><a href=\"https:\/\/doi.org\/10.1016\/j.tca.2025.179987\">https:\/\/doi.org\/10.1016\/j.tca.2025.179987<\/a><br><\/p>\n<\/div><figure class=\"wp-block-media-text__media\"><img loading=\"lazy\" decoding=\"async\" width=\"1024\" height=\"391\" src=\"https:\/\/kasprzak.ch.pw.edu.pl\/wp-content\/uploads\/2026\/02\/1-s2.0-S0040603125000632-ga1_lrg-1024x391.jpg\" alt=\"\" class=\"wp-image-3981 size-full\" srcset=\"https:\/\/kasprzak.ch.pw.edu.pl\/wp-content\/uploads\/2026\/02\/1-s2.0-S0040603125000632-ga1_lrg-1024x391.jpg 1024w, https:\/\/kasprzak.ch.pw.edu.pl\/wp-content\/uploads\/2026\/02\/1-s2.0-S0040603125000632-ga1_lrg-300x114.jpg 300w, https:\/\/kasprzak.ch.pw.edu.pl\/wp-content\/uploads\/2026\/02\/1-s2.0-S0040603125000632-ga1_lrg-768x293.jpg 768w, https:\/\/kasprzak.ch.pw.edu.pl\/wp-content\/uploads\/2026\/02\/1-s2.0-S0040603125000632-ga1_lrg-1536x586.jpg 1536w, https:\/\/kasprzak.ch.pw.edu.pl\/wp-content\/uploads\/2026\/02\/1-s2.0-S0040603125000632-ga1_lrg-2048x781.jpg 2048w\" sizes=\"auto, (max-width: 1024px) 100vw, 1024px\" \/><\/figure><\/div>\n\n\n\n<div class=\"wp-block-media-text alignwide has-media-on-the-right is-stacked-on-mobile\" style=\"grid-template-columns:auto 43%\"><div class=\"wp-block-media-text__content\">\n<p>A. Stawarska, M. Bamburowicz-Klimkowska, M. Bystrzejewski, <span style=\"text-decoration: underline;\"><strong>A. Ka<\/strong>sprzak<\/span>, I. P. Grudzi\u0144ski<br><em>Carbon-Encapsulated Iron Nanoparticles Seeking Integrins in Murine Glioma<\/em><br>International Journal of Medicine, <strong>2025<\/strong><br><a href=\"https:\/\/doi.org\/10.2147\/IJN.S511286\">https:\/\/doi.org\/10.2147\/IJN.S511286<\/a><\/p>\n<\/div><figure class=\"wp-block-media-text__media\"><img loading=\"lazy\" decoding=\"async\" width=\"604\" height=\"267\" src=\"https:\/\/kasprzak.ch.pw.edu.pl\/wp-content\/uploads\/2026\/02\/xlarge.webp\" alt=\"\" class=\"wp-image-3982 size-full\" srcset=\"https:\/\/kasprzak.ch.pw.edu.pl\/wp-content\/uploads\/2026\/02\/xlarge.webp 604w, https:\/\/kasprzak.ch.pw.edu.pl\/wp-content\/uploads\/2026\/02\/xlarge-300x133.webp 300w\" sizes=\"auto, (max-width: 604px) 100vw, 604px\" \/><\/figure><\/div>\n\n\n\n<div class=\"wp-block-media-text alignwide has-media-on-the-right is-stacked-on-mobile\" style=\"grid-template-columns:auto 43%\"><div class=\"wp-block-media-text__content\">\n<p><span style=\"text-decoration: underline;\"><strong>S. Kulczyk<\/strong><\/span>, Y. Yakiyama, M. Koszytkowska-Stawi\u0144ska, H. Sakurai, <strong><span style=\"text-decoration: underline;\">A. Kasprzak<\/span><\/strong><br><em>Structure-Dependent Water Solubility and Receptor Properties of C3-Symmetric Dendrimers Bearing Sumanene or Triphenylene Cores<\/em><br>ACS Organic &amp; Inorganic Au, <strong>2025<\/strong><br><a href=\"https:\/\/doi.org\/10.1021\/acsorginorgau.5c00048\">https:\/\/doi.org\/10.1021\/acsorginorgau.5c00048<\/a><\/p>\n<\/div><figure class=\"wp-block-media-text__media\"><img loading=\"lazy\" decoding=\"async\" width=\"500\" height=\"378\" src=\"https:\/\/kasprzak.ch.pw.edu.pl\/wp-content\/uploads\/2026\/02\/gg5c00048_0009.webp\" alt=\"\" class=\"wp-image-3983 size-full\" srcset=\"https:\/\/kasprzak.ch.pw.edu.pl\/wp-content\/uploads\/2026\/02\/gg5c00048_0009.webp 500w, https:\/\/kasprzak.ch.pw.edu.pl\/wp-content\/uploads\/2026\/02\/gg5c00048_0009-300x227.webp 300w\" sizes=\"auto, (max-width: 500px) 100vw, 500px\" \/><\/figure><\/div>\n\n\n\n<div class=\"wp-block-media-text alignwide has-media-on-the-right is-stacked-on-mobile\" style=\"grid-template-columns:auto 43%\"><div class=\"wp-block-media-text__content\">\n<p><strong><span style=\"text-decoration: underline;\">\u0141. Kurowski<\/span><\/strong>, <strong><span style=\"text-decoration: underline;\">J. C. Cyniak<\/span><\/strong>, H. Sakurai, <strong><span style=\"text-decoration: underline;\">A. Kasprzak<\/span><\/strong><br><em>Sumanene-Conjugated Poly(amidoamine) Dendrimer for the Detection of Metal Cations in Aqueous Solution<\/em><br>ChemPlusChem, <strong>2025<\/strong><br><a href=\"https:\/\/doi.org\/10.1002\/cplu.202500426\">https:\/\/doi.org\/10.1002\/cplu.202500426<\/a><br><\/p>\n<\/div><figure class=\"wp-block-media-text__media\"><img loading=\"lazy\" decoding=\"async\" width=\"433\" height=\"226\" src=\"https:\/\/kasprzak.ch.pw.edu.pl\/wp-content\/uploads\/2026\/02\/cplu70006-blkfxd-0001-m.jpg\" alt=\"\" class=\"wp-image-3984 size-full\" srcset=\"https:\/\/kasprzak.ch.pw.edu.pl\/wp-content\/uploads\/2026\/02\/cplu70006-blkfxd-0001-m.jpg 433w, https:\/\/kasprzak.ch.pw.edu.pl\/wp-content\/uploads\/2026\/02\/cplu70006-blkfxd-0001-m-300x157.jpg 300w\" sizes=\"auto, (max-width: 433px) 100vw, 433px\" \/><\/figure><\/div>\n\n\n\n<div class=\"wp-block-media-text alignwide has-media-on-the-right is-stacked-on-mobile\" style=\"grid-template-columns:auto 43%\"><div class=\"wp-block-media-text__content\">\n<p><strong><span style=\"text-decoration: underline;\">J. A\u017cgin<\/span><\/strong>, <strong><span style=\"text-decoration: underline;\">S. Kulczyk<\/span><\/strong>, H. Sakurai, W. Wr\u00f3blewski, <strong><span style=\"text-decoration: underline;\">A. Kasprzak<\/span><\/strong><br><em>Sumanene-Based Triazole-Linked Receptors<\/em><br>Journal of Materials Chemistry C, <strong>2025<\/strong><br><a href=\"https:\/\/doi.org\/10.1039\/D5TC02182K\">https:\/\/doi.org\/10.1039\/D5TC02182K<\/a><\/p>\n<\/div><figure class=\"wp-block-media-text__media\"><img loading=\"lazy\" decoding=\"async\" width=\"499\" height=\"197\" src=\"https:\/\/kasprzak.ch.pw.edu.pl\/wp-content\/uploads\/2026\/02\/Bez-nazwy.png\" alt=\"\" class=\"wp-image-3986 size-full\" srcset=\"https:\/\/kasprzak.ch.pw.edu.pl\/wp-content\/uploads\/2026\/02\/Bez-nazwy.png 499w, https:\/\/kasprzak.ch.pw.edu.pl\/wp-content\/uploads\/2026\/02\/Bez-nazwy-300x118.png 300w\" sizes=\"auto, (max-width: 499px) 100vw, 499px\" \/><\/figure><\/div>\n\n\n\n<div class=\"wp-block-media-text alignwide has-media-on-the-right is-stacked-on-mobile\" style=\"grid-template-columns:auto 43%\"><div class=\"wp-block-media-text__content\">\n<p><strong><span style=\"text-decoration: underline;\">J. S. Cyniak<\/span><\/strong>, <strong><span style=\"text-decoration: underline;\">R. \u015aliwa<\/span><\/strong>, A. Kowalczyk, A. Nowicka, <strong><span style=\"text-decoration: underline;\">A. Kasprzak<\/span><\/strong><br><em>Aggregation-induced emission (AIE) active ferrocene probe <\/em><br><em>for spectrofluorimetric and electrochemical detection of nucleotides or \u03b2-lactam antibiotics<\/em><br>Analytica Chimica Acta, <strong>2025<\/strong><br><a href=\"https:\/\/doi.org\/10.1016\/j.aca.2025.344568\">https:\/\/doi.org\/10.1016\/j.aca.2025.344568<\/a><\/p>\n<\/div><figure class=\"wp-block-media-text__media\"><img loading=\"lazy\" decoding=\"async\" width=\"1024\" height=\"808\" src=\"https:\/\/kasprzak.ch.pw.edu.pl\/wp-content\/uploads\/2026\/02\/raf-1024x808.jpg\" alt=\"\" class=\"wp-image-3990 size-full\" srcset=\"https:\/\/kasprzak.ch.pw.edu.pl\/wp-content\/uploads\/2026\/02\/raf-1024x808.jpg 1024w, https:\/\/kasprzak.ch.pw.edu.pl\/wp-content\/uploads\/2026\/02\/raf-300x237.jpg 300w, https:\/\/kasprzak.ch.pw.edu.pl\/wp-content\/uploads\/2026\/02\/raf-768x606.jpg 768w, https:\/\/kasprzak.ch.pw.edu.pl\/wp-content\/uploads\/2026\/02\/raf.jpg 1123w\" sizes=\"auto, (max-width: 1024px) 100vw, 1024px\" \/><\/figure><\/div>\n\n\n\n<div class=\"wp-block-media-text alignwide has-media-on-the-right is-stacked-on-mobile\" style=\"grid-template-columns:auto 43%\"><div class=\"wp-block-media-text__content\">\n<p><strong><span style=\"text-decoration: underline;\">J. S. Cyniak, K. Melcer, A. Kasprzak<\/span><\/strong><br><em>Mechanochemically Derived Aggregation-Induced Emission (AIE)Active Polyaromatic Amides and Dendritic-Like Molecules With Structure-Dependent Photophysical and Receptor Properties<\/em><br>Chemistry &#8211; a European Journal, <strong>2025<\/strong><br><a href=\"https:\/\/doi.org\/10.1002\/chem.202502859\">https:\/\/doi.org\/10.1002\/chem.202502859<\/a><br><\/p>\n<\/div><figure class=\"wp-block-media-text__media\"><img loading=\"lazy\" decoding=\"async\" width=\"1024\" height=\"340\" src=\"https:\/\/kasprzak.ch.pw.edu.pl\/wp-content\/uploads\/2026\/02\/amidymechano-1024x340.png\" alt=\"\" class=\"wp-image-3994 size-full\" srcset=\"https:\/\/kasprzak.ch.pw.edu.pl\/wp-content\/uploads\/2026\/02\/amidymechano-1024x340.png 1024w, https:\/\/kasprzak.ch.pw.edu.pl\/wp-content\/uploads\/2026\/02\/amidymechano-300x100.png 300w, https:\/\/kasprzak.ch.pw.edu.pl\/wp-content\/uploads\/2026\/02\/amidymechano-768x255.png 768w, https:\/\/kasprzak.ch.pw.edu.pl\/wp-content\/uploads\/2026\/02\/amidymechano.png 1403w\" sizes=\"auto, (max-width: 1024px) 100vw, 1024px\" \/><\/figure><\/div>\n\n\n\n<div class=\"wp-block-media-text alignwide has-media-on-the-right is-stacked-on-mobile\" style=\"grid-template-columns:auto 43%\"><div class=\"wp-block-media-text__content\">\n<p><span style=\"text-decoration: underline;\"><strong>S. Kulczyk,<\/strong><\/span><strong> <span style=\"text-decoration: underline;\">A. Kasprzak<\/span><\/strong><br><em>Perspectives in Designing Molecular Receptors Based on Aggregation Induced Emission\u2010Active Ferrocene Derivatives<\/em><br>Analysis &amp; Sensing, <strong>2025<\/strong><br><a href=\"https:\/\/doi.org\/10.1002\/anse.202500173\">https:\/\/doi.org\/10.1002\/anse.202500173<\/a><\/p>\n<\/div><figure class=\"wp-block-media-text__media\"><img loading=\"lazy\" decoding=\"async\" width=\"433\" height=\"265\" src=\"https:\/\/kasprzak.ch.pw.edu.pl\/wp-content\/uploads\/2026\/02\/anse70039-blkfxd-0001-m.jpg\" alt=\"\" class=\"wp-image-3995 size-full\" srcset=\"https:\/\/kasprzak.ch.pw.edu.pl\/wp-content\/uploads\/2026\/02\/anse70039-blkfxd-0001-m.jpg 433w, https:\/\/kasprzak.ch.pw.edu.pl\/wp-content\/uploads\/2026\/02\/anse70039-blkfxd-0001-m-300x184.jpg 300w\" sizes=\"auto, (max-width: 433px) 100vw, 433px\" \/><\/figure><\/div>\n\n\n\n<hr class=\"wp-block-separator alignwide has-alpha-channel-opacity\"\/>\n\n\n\n<h1 class=\"wp-block-heading has-text-align-center\"><strong>2024<\/strong><\/h1>\n\n\n\n<div class=\"wp-block-media-text alignwide has-media-on-the-right is-stacked-on-mobile\" style=\"grid-template-columns:auto 43%\"><div class=\"wp-block-media-text__content\">\n<p>M. Kukielski, <strong><span style=\"text-decoration: underline;\">A. Kasprzak<\/span><\/strong>, R. \u017burowski, J. Tanska, P. Wieci\u0144ska, A. Wi\u0119c\u0142aw-Midor, J. Zygmuntowicz, M. A. Grigoroscuta, P. Wieci\u0144ski<br><em>Functionalization of graphene oxide surface by conjugation with glucosamine and analysis of interactions occurring in nanoceramic-graphene heterostructures<\/em><br>Powder Technology, <strong>2024<\/strong><br><a href=\"https:\/\/doi.org\/10.1016\/j.powtec.2023.119089\">https:\/\/doi.org\/10.1016\/j.powtec.2023.119089<\/a><\/p>\n<\/div><figure class=\"wp-block-media-text__media\"><img loading=\"lazy\" decoding=\"async\" width=\"1024\" height=\"526\" src=\"https:\/\/kasprzak.ch.pw.edu.pl\/wp-content\/uploads\/2026\/02\/powtech-1024x526.jpg\" alt=\"\" class=\"wp-image-3997 size-full\" srcset=\"https:\/\/kasprzak.ch.pw.edu.pl\/wp-content\/uploads\/2026\/02\/powtech-1024x526.jpg 1024w, https:\/\/kasprzak.ch.pw.edu.pl\/wp-content\/uploads\/2026\/02\/powtech-300x154.jpg 300w, https:\/\/kasprzak.ch.pw.edu.pl\/wp-content\/uploads\/2026\/02\/powtech-768x394.jpg 768w, https:\/\/kasprzak.ch.pw.edu.pl\/wp-content\/uploads\/2026\/02\/powtech-1536x789.jpg 1536w, https:\/\/kasprzak.ch.pw.edu.pl\/wp-content\/uploads\/2026\/02\/powtech.jpg 1725w\" sizes=\"auto, (max-width: 1024px) 100vw, 1024px\" \/><\/figure><\/div>\n\n\n\n<div class=\"wp-block-media-text alignwide has-media-on-the-right is-stacked-on-mobile\" style=\"grid-template-columns:auto 43%\"><div class=\"wp-block-media-text__content\">\n<p>M. Bamburowicz-Klimkowska, M. Bystrzejewski, <strong><span style=\"text-decoration: underline;\">A. Kasprzak<\/span><\/strong>, A. Cieszanowski, I. P. Grudzinski<br><em>Monoclonal antibody-navigated carbon-encapsulated iron nanoparticles used for MRI-based tracking integrin receptors in murine melanoma<\/em><br>Nanomedicine: Nanotechnology, Biology and Medicine, <strong>2024<\/strong><br><a href=\"https:\/\/doi.org\/10.1016\/j.nano.2023.102721\">https:\/\/doi.org\/10.1016\/j.nano.2023.102721<\/a><br><\/p>\n<\/div><figure class=\"wp-block-media-text__media\"><img loading=\"lazy\" decoding=\"async\" width=\"1024\" height=\"768\" src=\"https:\/\/kasprzak.ch.pw.edu.pl\/wp-content\/uploads\/2026\/02\/nnbm-1024x768.jpg\" alt=\"\" class=\"wp-image-3998 size-full\" srcset=\"https:\/\/kasprzak.ch.pw.edu.pl\/wp-content\/uploads\/2026\/02\/nnbm-1024x768.jpg 1024w, https:\/\/kasprzak.ch.pw.edu.pl\/wp-content\/uploads\/2026\/02\/nnbm-300x225.jpg 300w, https:\/\/kasprzak.ch.pw.edu.pl\/wp-content\/uploads\/2026\/02\/nnbm-768x576.jpg 768w, https:\/\/kasprzak.ch.pw.edu.pl\/wp-content\/uploads\/2026\/02\/nnbm.jpg 1182w\" sizes=\"auto, (max-width: 1024px) 100vw, 1024px\" \/><\/figure><\/div>\n\n\n\n<h1 class=\"wp-block-heading alignwide has-text-align-center\"><\/h1>\n\n\n\n<p><\/p>\n","protected":false},"excerpt":{"rendered":"<p>Our recent publications For full list, see: https:\/\/orcid.org\/0000-0002-4895-1038 2026 M. Borkowski, A. Drw\u0119cka, S. Zalewski, A. Kasprzak, S. Szafert, B. PigulskiA C66 Nanographene with Six Azulene Units and NIR-II Absorption: Toward Azulene-Based Carbon AllotropesJournal of American Chemical Society, 2026https:\/\/doi.org\/10.1021\/jacs.6c04336 M. Sikorska, A. Kasprzak, I. P. Grudzi\u0144ski et al.Translating magnetic fluid hyperthermia toward lung cancer treatmentNanoscale, [&hellip;]<\/p>\n","protected":false},"author":2,"featured_media":0,"parent":0,"menu_order":0,"comment_status":"closed","ping_status":"closed","template":"","meta":{"footnotes":""},"class_list":["post-15","page","type-page","status-publish","hentry"],"_links":{"self":[{"href":"https:\/\/kasprzak.ch.pw.edu.pl\/index.php?rest_route=\/wp\/v2\/pages\/15","targetHints":{"allow":["GET"]}}],"collection":[{"href":"https:\/\/kasprzak.ch.pw.edu.pl\/index.php?rest_route=\/wp\/v2\/pages"}],"about":[{"href":"https:\/\/kasprzak.ch.pw.edu.pl\/index.php?rest_route=\/wp\/v2\/types\/page"}],"author":[{"embeddable":true,"href":"https:\/\/kasprzak.ch.pw.edu.pl\/index.php?rest_route=\/wp\/v2\/users\/2"}],"replies":[{"embeddable":true,"href":"https:\/\/kasprzak.ch.pw.edu.pl\/index.php?rest_route=%2Fwp%2Fv2%2Fcomments&post=15"}],"version-history":[{"count":61,"href":"https:\/\/kasprzak.ch.pw.edu.pl\/index.php?rest_route=\/wp\/v2\/pages\/15\/revisions"}],"predecessor-version":[{"id":4375,"href":"https:\/\/kasprzak.ch.pw.edu.pl\/index.php?rest_route=\/wp\/v2\/pages\/15\/revisions\/4375"}],"wp:attachment":[{"href":"https:\/\/kasprzak.ch.pw.edu.pl\/index.php?rest_route=%2Fwp%2Fv2%2Fmedia&parent=15"}],"curies":[{"name":"wp","href":"https:\/\/api.w.org\/{rel}","templated":true}]}}