{"id":3800,"date":"2026-01-25T22:13:30","date_gmt":"2026-01-25T21:13:30","guid":{"rendered":"https:\/\/kasprzak.ch.pw.edu.pl\/?page_id=3800"},"modified":"2026-04-10T14:22:59","modified_gmt":"2026-04-10T12:22:59","slug":"jjj","status":"publish","type":"page","link":"https:\/\/kasprzak.ch.pw.edu.pl\/?page_id=3800","title":{"rendered":"Meet our members:"},"content":{"rendered":"\n<h2 class=\"wp-block-heading has-text-align-center\"><strong>&nbsp;Group Leader<\/strong><\/h2>\n\n\n\n<div class=\"wp-block-media-text alignwide is-stacked-on-mobile is-vertically-aligned-center\" style=\"grid-template-columns:32% auto\"><figure class=\"wp-block-media-text__media\"><img loading=\"lazy\" decoding=\"async\" width=\"1024\" height=\"883\" src=\"https:\/\/kasprzak.ch.pw.edu.pl\/wp-content\/uploads\/2026\/02\/artur-1-1024x883.jpeg\" alt=\"\" class=\"wp-image-3950 size-full\" srcset=\"https:\/\/kasprzak.ch.pw.edu.pl\/wp-content\/uploads\/2026\/02\/artur-1-1024x883.jpeg 1024w, https:\/\/kasprzak.ch.pw.edu.pl\/wp-content\/uploads\/2026\/02\/artur-1-300x259.jpeg 300w, https:\/\/kasprzak.ch.pw.edu.pl\/wp-content\/uploads\/2026\/02\/artur-1-768x662.jpeg 768w, https:\/\/kasprzak.ch.pw.edu.pl\/wp-content\/uploads\/2026\/02\/artur-1-1536x1324.jpeg 1536w, https:\/\/kasprzak.ch.pw.edu.pl\/wp-content\/uploads\/2026\/02\/artur-1.jpeg 1600w\" sizes=\"auto, (max-width: 1024px) 100vw, 1024px\" \/><\/figure><div class=\"wp-block-media-text__content\">\n<h2 class=\"wp-block-heading\">Assoc. Prof., Dr. <strong>Artur Kasprzak, <\/strong>PhD DSc<\/h2>\n\n\n\n<h3 class=\"wp-block-heading\">Chemist specializing in <strong>organic<\/strong> and <strong>supramolecular<\/strong> chemistry, with a strong interdisciplinary background in <strong>molecular receptors<\/strong>, <strong>environmenta<\/strong>l chemistry, <strong>mechanochemistry<\/strong>, <strong>nanotechnology<\/strong> and <strong>materials<\/strong> chemistry, including graphene-family nanomaterials.<strong><br><\/strong><br><\/h3>\n\n\n\n<div class=\"wp-block-buttons is-content-justification-center is-layout-flex wp-container-core-buttons-is-layout-a89b3969 wp-block-buttons-is-layout-flex\">\n<div class=\"wp-block-button is-style-fill\"><a class=\"wp-block-button__link wp-element-button\" href=\"https:\/\/kasprzak.ch.pw.edu.pl\/?page_id=3963\">Read more<\/a><\/div>\n<\/div>\n<\/div><\/div>\n\n\n\n<hr class=\"wp-block-separator has-alpha-channel-opacity is-style-wide is-style-wide--1\"\/>\n\n\n\n<h2 class=\"wp-block-heading has-text-align-center\"><strong>PhD Students<\/strong><\/h2>\n\n\n\n<div class=\"wp-block-media-text alignwide is-stacked-on-mobile\" style=\"grid-template-columns:29% auto\"><figure class=\"wp-block-media-text__media\"><img loading=\"lazy\" decoding=\"async\" width=\"768\" height=\"1024\" src=\"https:\/\/kasprzak.ch.pw.edu.pl\/wp-content\/uploads\/2026\/02\/JC_2-768x1024.jpg\" alt=\"\" class=\"wp-image-4025 size-full\" srcset=\"https:\/\/kasprzak.ch.pw.edu.pl\/wp-content\/uploads\/2026\/02\/JC_2-768x1024.jpg 768w, https:\/\/kasprzak.ch.pw.edu.pl\/wp-content\/uploads\/2026\/02\/JC_2-225x300.jpg 225w, https:\/\/kasprzak.ch.pw.edu.pl\/wp-content\/uploads\/2026\/02\/JC_2-1152x1536.jpg 1152w, https:\/\/kasprzak.ch.pw.edu.pl\/wp-content\/uploads\/2026\/02\/JC_2.jpg 1500w\" sizes=\"auto, (max-width: 768px) 100vw, 768px\" \/><\/figure><div class=\"wp-block-media-text__content\">\n<h2 class=\"wp-block-heading\"><strong>Jakub Cyniak<\/strong>, BEng, MSc<\/h2>\n\n\n\n<h3 class=\"wp-block-heading has-text-align-left\">Born in 1998 in \u0141\u00f3d\u017a. In 2017, he began studying chemical technology at Faculty of Chemistry WUT, graduating in 2022 with specialization in medicinal chemistry. Since 2022, as PhD student, he is researching novel polyaromatic AIE-active chemoreceptors and possibilities of their sustainable synthesis. Since October 2025, he is employed (part time) as an research-teaching assistant. In his free time, he collects vintage fountain pens.<br><br>ORCID: <a href=\"https:\/\/orcid.org\/0000-0002-5637-4066\">0000-0002-5637-4066<\/a><br>e-mail: jakub.cyniak.dokt@pw.edu.pl<\/h3>\n<\/div><\/div>\n\n\n\n<div class=\"wp-block-media-text alignwide is-stacked-on-mobile\" style=\"grid-template-columns:29% auto\"><figure class=\"wp-block-media-text__media\"><img loading=\"lazy\" decoding=\"async\" width=\"400\" height=\"400\" src=\"https:\/\/kasprzak.ch.pw.edu.pl\/wp-content\/uploads\/2026\/02\/facebook-profile-picture-no-pic-avatar-1.jpg\" alt=\"\" class=\"wp-image-4264 size-full\" srcset=\"https:\/\/kasprzak.ch.pw.edu.pl\/wp-content\/uploads\/2026\/02\/facebook-profile-picture-no-pic-avatar-1.jpg 400w, https:\/\/kasprzak.ch.pw.edu.pl\/wp-content\/uploads\/2026\/02\/facebook-profile-picture-no-pic-avatar-1-300x300.jpg 300w, https:\/\/kasprzak.ch.pw.edu.pl\/wp-content\/uploads\/2026\/02\/facebook-profile-picture-no-pic-avatar-1-150x150.jpg 150w\" sizes=\"auto, (max-width: 400px) 100vw, 400px\" \/><\/figure><div class=\"wp-block-media-text__content\">\n<h2 class=\"wp-block-heading\"><strong>Joachim A\u017cgin-Gontarek<\/strong>, BEng, MSc<\/h2>\n\n\n\n<h3 class=\"wp-block-heading\">Born in 1997 in Warsaw, graduated from Military University of Technology with a master\u2019s degree in chemistry. Since 2016 part time employed in Tele and Radio Research Institute in high vacuum laboratory. Since 2022 as PhD student, he is researching novel molecular receptors for cations based on sumanene molecule for application in potentiometric sensors. His scientific interests include organic synthesis and electrochemistry. In his free time, he cooks Indian food and enjoys analogue photography.<\/h3>\n\n\n\n<h3 class=\"wp-block-heading\">ORCID: <a href=\"https:\/\/orcid.org\/0000-0002-4217-2332\">0000-0002-4217-2332<\/a><br>e-mail: joachim.azgin.dokt@pw.edu<\/h3>\n<\/div><\/div>\n\n\n\n<div class=\"wp-block-media-text alignwide is-stacked-on-mobile\" style=\"grid-template-columns:29% auto\"><figure class=\"wp-block-media-text__media\"><img loading=\"lazy\" decoding=\"async\" width=\"750\" height=\"1000\" src=\"https:\/\/kasprzak.ch.pw.edu.pl\/wp-content\/uploads\/2026\/02\/pawel2.jpeg\" alt=\"\" class=\"wp-image-4058 size-full\" srcset=\"https:\/\/kasprzak.ch.pw.edu.pl\/wp-content\/uploads\/2026\/02\/pawel2.jpeg 750w, https:\/\/kasprzak.ch.pw.edu.pl\/wp-content\/uploads\/2026\/02\/pawel2-225x300.jpeg 225w\" sizes=\"auto, (max-width: 750px) 100vw, 750px\" \/><\/figure><div class=\"wp-block-media-text__content\">\n<h2 class=\"wp-block-heading\"><strong>Pawe\u0142 Maliszewski<\/strong>, BEng, MSc<\/h2>\n\n\n\n<h3 class=\"wp-block-heading\">Born in 1992 in Warsaw, graduated from the WUT with a degree in Chemical Technology. While completing his master\u2019s specialization in Medicinal Chemistry in 2017, he began his career in the pharmaceutical industry at Celon Pharma S.A. He worked as a Medicinal Chemistry Specialist and later as a Senior Specialist Synthetic Chemist, focusing on the design and synthesis of APIs and innovative chemical entities for drug discovery. Since 2024, as an Industrial PhD student, he has been conducting research on the synthesis of PROTACs as potential therapeutic agents in cancer treatment.<\/h3>\n\n\n\n<h3 class=\"wp-block-heading\">ORCID: <a href=\"https:\/\/orcid.org\/0009-0007-7905-7198\">0009-0007-7905-7198<\/a><br>e-mail:  pawel.maliszewski.dokt@pw.edu.pl<\/h3>\n<\/div><\/div>\n\n\n\n<div class=\"wp-block-media-text alignwide is-stacked-on-mobile\" style=\"grid-template-columns:29% auto\"><figure class=\"wp-block-media-text__media\"><img loading=\"lazy\" decoding=\"async\" width=\"768\" height=\"1024\" src=\"https:\/\/kasprzak.ch.pw.edu.pl\/wp-content\/uploads\/2026\/02\/SK-768x1024.jpg\" alt=\"\" class=\"wp-image-4026 size-full\" srcset=\"https:\/\/kasprzak.ch.pw.edu.pl\/wp-content\/uploads\/2026\/02\/SK-768x1024.jpg 768w, https:\/\/kasprzak.ch.pw.edu.pl\/wp-content\/uploads\/2026\/02\/SK-225x300.jpg 225w, https:\/\/kasprzak.ch.pw.edu.pl\/wp-content\/uploads\/2026\/02\/SK-1152x1536.jpg 1152w, https:\/\/kasprzak.ch.pw.edu.pl\/wp-content\/uploads\/2026\/02\/SK.jpg 1500w\" sizes=\"auto, (max-width: 768px) 100vw, 768px\" \/><\/figure><div class=\"wp-block-media-text__content\">\n<h2 class=\"wp-block-heading\"><strong>Stanis\u0142aw Kulczyk<\/strong>, BEng, MSc<\/h2>\n\n\n\n<h3 class=\"wp-block-heading\">Graduate of the Faculty of Chemistry WUT, conducted internships at Osaka University (Sakurai Group), Uppsala University (Erdelyi Group), Polish Academy of Sciences (in Gryko Group and under prof. M\u0105kosza). PhD student since 2025, he is developing new macrocyclic polyaromatic metal cation receptors. His scientific interests include physical organic chemistry, molecular modelling and chemistry of polyaromatic molecules. Enjoys travelling, language learning and Eastern calligraphy.<\/h3>\n\n\n\n<h3 class=\"wp-block-heading\">ORCID: <a href=\"https:\/\/orcid.org\/0000-0002-2789-1814\" data-type=\"link\" data-id=\"https:\/\/orcid.org\/0000-0002-2789-1814\">0000-0002-2789-1814<\/a><br>e-mail: stanislaw.kulczyk.dokt@pw.edu.pl<\/h3>\n<\/div><\/div>\n\n\n\n<div class=\"wp-block-media-text alignwide is-stacked-on-mobile\" style=\"grid-template-columns:29% auto\"><figure class=\"wp-block-media-text__media\"><img loading=\"lazy\" decoding=\"async\" width=\"768\" height=\"1024\" src=\"https:\/\/kasprzak.ch.pw.edu.pl\/wp-content\/uploads\/2026\/02\/KM_2-768x1024.jpg\" alt=\"\" class=\"wp-image-4027 size-full\" srcset=\"https:\/\/kasprzak.ch.pw.edu.pl\/wp-content\/uploads\/2026\/02\/KM_2-768x1024.jpg 768w, https:\/\/kasprzak.ch.pw.edu.pl\/wp-content\/uploads\/2026\/02\/KM_2-225x300.jpg 225w, https:\/\/kasprzak.ch.pw.edu.pl\/wp-content\/uploads\/2026\/02\/KM_2-1152x1536.jpg 1152w, https:\/\/kasprzak.ch.pw.edu.pl\/wp-content\/uploads\/2026\/02\/KM_2.jpg 1500w\" sizes=\"auto, (max-width: 768px) 100vw, 768px\" \/><\/figure><div class=\"wp-block-media-text__content\">\n<h2 class=\"wp-block-heading\"><strong>Krzysztof Melcer<\/strong>, BEng, MSc<\/h2>\n\n\n\n<h3 class=\"wp-block-heading\">Born in 2001 in Wejherowo, he began studying chemical technology in 2020 at Faculty Of Chemistry WUT. Graduated in 2025 with specialization in medicinal chemistry. As a PhD student since 2025 he is focusing on polyaromatic AIE-active chemoreceptors and sustainable synthetic methods, such as sono- and mechanochemistry. Privatly fan of basketball and craft beer.<\/h3>\n\n\n\n<h3 class=\"wp-block-heading\">ORCID: <a href=\"https:\/\/orcid.org\/0009-0006-0089-9716\">0009-0006-0089-9716<\/a><br>e-mail: krzysztof.melcer.dokt@pw.edu.pl<\/h3>\n<\/div><\/div>\n\n\n\n<hr class=\"wp-block-separator alignwide has-alpha-channel-opacity\"\/>\n\n\n\n<h2 class=\"wp-block-heading has-text-align-center\"><strong>Students \/ Volunteers<\/strong><\/h2>\n\n\n\n<div class=\"wp-block-media-text alignwide is-stacked-on-mobile\" style=\"grid-template-columns:29% auto\"><figure class=\"wp-block-media-text__media\"><img loading=\"lazy\" decoding=\"async\" width=\"768\" height=\"1024\" src=\"https:\/\/kasprzak.ch.pw.edu.pl\/wp-content\/uploads\/2026\/02\/VM-768x1024.jpg\" alt=\"\" class=\"wp-image-4028 size-full\" srcset=\"https:\/\/kasprzak.ch.pw.edu.pl\/wp-content\/uploads\/2026\/02\/VM-768x1024.jpg 768w, https:\/\/kasprzak.ch.pw.edu.pl\/wp-content\/uploads\/2026\/02\/VM-225x300.jpg 225w, https:\/\/kasprzak.ch.pw.edu.pl\/wp-content\/uploads\/2026\/02\/VM-1152x1536.jpg 1152w, https:\/\/kasprzak.ch.pw.edu.pl\/wp-content\/uploads\/2026\/02\/VM.jpg 1500w\" sizes=\"auto, (max-width: 768px) 100vw, 768px\" \/><\/figure><div class=\"wp-block-media-text__content\">\n<h2 class=\"wp-block-heading\"><strong>Vivienne Moloney<\/strong>, BSc<\/h2>\n\n\n\n<h3 class=\"wp-block-heading\">Born in 2000 in Warsaw, she graduated with BSc in biomedicine in 2023 (Birkbeck, University of London). With pleasure she moved to WUT to study industrial biotechnology (MSc). Her current research focuses on heterocyclic AIE-active compounds.<\/h3>\n<\/div><\/div>\n\n\n\n<div class=\"wp-block-media-text alignwide is-stacked-on-mobile\" style=\"grid-template-columns:29% auto\"><figure class=\"wp-block-media-text__media\"><img loading=\"lazy\" decoding=\"async\" width=\"768\" height=\"1024\" src=\"https:\/\/kasprzak.ch.pw.edu.pl\/wp-content\/uploads\/2026\/02\/RS_2-768x1024.jpg\" alt=\"\" class=\"wp-image-4029 size-full\" srcset=\"https:\/\/kasprzak.ch.pw.edu.pl\/wp-content\/uploads\/2026\/02\/RS_2-768x1024.jpg 768w, https:\/\/kasprzak.ch.pw.edu.pl\/wp-content\/uploads\/2026\/02\/RS_2-225x300.jpg 225w, https:\/\/kasprzak.ch.pw.edu.pl\/wp-content\/uploads\/2026\/02\/RS_2-1152x1536.jpg 1152w, https:\/\/kasprzak.ch.pw.edu.pl\/wp-content\/uploads\/2026\/02\/RS_2.jpg 1500w\" sizes=\"auto, (max-width: 768px) 100vw, 768px\" \/><\/figure><div class=\"wp-block-media-text__content\">\n<h2 class=\"wp-block-heading\"><strong>Rafa\u0142 \u015aliwa<\/strong>, BEng<\/h2>\n\n\n\n<h3 class=\"wp-block-heading\">Born in 2002 in Radom. In 2021, he began studying chemical technology at Faculty of Chemistry WUT. He\u2019s currently a Master\u2019s Student with specialization in Medical Chemistry. His scientific research is focused on polyaromatic AIE-active chemoreceptors, sustainable synthesis methods (mechanochemistry) and supramolecular ferrocene-based compounds. He&#8217;s also a finalist of Gold Medal of Chemistry and a recipient of the Scholarship of the Minister of Science.<\/h3>\n\n\n\n<p>ORCID: <a href=\"https:\/\/orcid.org\/0009-0005-1588-1909\">0009-0005-1588-1909<\/a><br><\/p>\n<\/div><\/div>\n\n\n\n<div style=\"height:49px\" aria-hidden=\"true\" class=\"wp-block-spacer\"><\/div>\n\n\n\n<h2 class=\"wp-block-heading\"><strong>Jan Pyrzanowski<\/strong> (Volunteer)<\/h2>\n\n\n\n<h2 class=\"wp-block-heading\"><br><strong>Kacper Jakubowsk<\/strong>i (Volunteer)<\/h2>\n\n\n\n<hr class=\"wp-block-separator alignwide has-alpha-channel-opacity\"\/>\n\n\n\n<h2 class=\"wp-block-heading has-text-align-center\"><strong>Sub-group<\/strong><\/h2>\n\n\n\n<h3 class=\"wp-block-heading\"><strong>A sub-group of our team<\/strong> working on medicinal chemistry of nucleotides, aminoacids and 5-fluorouracil derivatives:<\/h3>\n\n\n\n<h3 class=\"wp-block-heading\">Dr.<strong> Mariola Koszytkowska-Stawi\u0144ska<\/strong>, PhD DSc<\/h3>\n\n\n\n<h3 class=\"wp-block-heading\">Dr.<strong> Ewa Mironiuk-Puchalska<\/strong>, PhD<\/h3>\n\n\n\n<hr class=\"wp-block-separator alignwide has-alpha-channel-opacity\"\/>\n\n\n\n<h2 class=\"wp-block-heading alignwide has-text-align-center\"><strong>Alumni<\/strong><\/h2>\n\n\n\n<p><strong>Daria Szel\u0105g<\/strong> (2025 BSc Diploma; Scholarship of the Minister of Science and Higher Education)<\/p>\n\n\n\n<p><strong>\u0141ukasz Kurowski<\/strong> (2025 MSc Diploma)<\/p>\n\n\n\n<p><strong>R\u00f3\u017ca Sitek<\/strong> (2025 volunteer intern)<\/p>\n\n\n\n<p><strong>Dominika Ufnal<\/strong> (2024 MSc Diploma, 2023 BSc diploma)<\/p>\n\n\n\n<p><strong>Maurycy Krzy\u017canowski<\/strong> (2023 BSc Diploma; Scholarship of the Minister of Science and Higher Education)<\/p>\n\n\n\n<p><strong>Jan Zaj\u0105c<\/strong> (2022 BSc Diploma)<\/p>\n\n\n\n<p><strong>\u0141ucja Kobobolska<\/strong> (2022 BSc Diploma)<\/p>\n\n\n\n<p><strong>Natalia Sici\u0144ska<\/strong> (2022 BSc Diploma)<\/p>\n\n\n\n<p><strong>Aleksandra Cupriak<\/strong> (2022 MSc Diploma, 2021 BSc diploma, 2019-2020 volunteer intern)<\/p>\n\n\n\n<p><strong>Aleksandra Kosi\u0144ska<\/strong> (2021 BSc Diploma; Scholarship of the Minister of Science and Higher Education)<\/p>\n\n\n\n<p><strong>Ksenia Kami\u0144ska<\/strong> (2020 BSc Diploma)<\/p>\n\n\n\n<p><strong>Katarzyna Gu\u0144ka <\/strong>(2019 MSc Diploma, 2018 BSc diploma, 2017 volunteer intern)<\/p>\n\n\n\n<p><strong>Kristina Fateyeva<\/strong> (2019 BSc Diploma; Scholarship of the Minister of Science and Higher Education; 2018 volunteer intern)<\/p>\n","protected":false},"excerpt":{"rendered":"<p>&nbsp;Group Leader PhD Students Jakub Cyniak, BEng, MSc Born in 1998 in \u0141\u00f3d\u017a. In 2017, he began studying chemical technology at Faculty of Chemistry WUT, graduating in 2022 with specialization in medicinal chemistry. Since 2022, as PhD student, he is researching novel polyaromatic AIE-active chemoreceptors and possibilities of their sustainable synthesis. Since October 2025, he [&hellip;]<\/p>\n","protected":false},"author":2,"featured_media":0,"parent":0,"menu_order":0,"comment_status":"closed","ping_status":"closed","template":"","meta":{"footnotes":""},"class_list":["post-3800","page","type-page","status-publish","hentry"],"_links":{"self":[{"href":"https:\/\/kasprzak.ch.pw.edu.pl\/index.php?rest_route=\/wp\/v2\/pages\/3800","targetHints":{"allow":["GET"]}}],"collection":[{"href":"https:\/\/kasprzak.ch.pw.edu.pl\/index.php?rest_route=\/wp\/v2\/pages"}],"about":[{"href":"https:\/\/kasprzak.ch.pw.edu.pl\/index.php?rest_route=\/wp\/v2\/types\/page"}],"author":[{"embeddable":true,"href":"https:\/\/kasprzak.ch.pw.edu.pl\/index.php?rest_route=\/wp\/v2\/users\/2"}],"replies":[{"embeddable":true,"href":"https:\/\/kasprzak.ch.pw.edu.pl\/index.php?rest_route=%2Fwp%2Fv2%2Fcomments&post=3800"}],"version-history":[{"count":85,"href":"https:\/\/kasprzak.ch.pw.edu.pl\/index.php?rest_route=\/wp\/v2\/pages\/3800\/revisions"}],"predecessor-version":[{"id":4372,"href":"https:\/\/kasprzak.ch.pw.edu.pl\/index.php?rest_route=\/wp\/v2\/pages\/3800\/revisions\/4372"}],"wp:attachment":[{"href":"https:\/\/kasprzak.ch.pw.edu.pl\/index.php?rest_route=%2Fwp%2Fv2%2Fmedia&parent=3800"}],"curies":[{"name":"wp","href":"https:\/\/api.w.org\/{rel}","templated":true}]}}