{"id":3963,"date":"2026-02-12T15:58:56","date_gmt":"2026-02-12T14:58:56","guid":{"rendered":"https:\/\/kasprzak.ch.pw.edu.pl\/?page_id=3963"},"modified":"2026-02-20T10:53:03","modified_gmt":"2026-02-20T09:53:03","slug":"artur-kasprzak","status":"publish","type":"page","link":"https:\/\/kasprzak.ch.pw.edu.pl\/?page_id=3963","title":{"rendered":"Assoc. Prof., Dr. Artur Kasprzak,PhD DSc."},"content":{"rendered":"\n<h2 class=\"wp-block-heading\">Assoc. Prof., Dr. <strong>Artur Kasprzak<\/strong>,PhD DSc.<\/h2>\n\n\n\n<figure class=\"wp-block-image size-large\"><img loading=\"lazy\" decoding=\"async\" width=\"1024\" height=\"883\" src=\"https:\/\/kasprzak.ch.pw.edu.pl\/wp-content\/uploads\/2026\/02\/artur-2-1024x883.jpeg\" alt=\"\" class=\"wp-image-4015\" srcset=\"https:\/\/kasprzak.ch.pw.edu.pl\/wp-content\/uploads\/2026\/02\/artur-2-1024x883.jpeg 1024w, https:\/\/kasprzak.ch.pw.edu.pl\/wp-content\/uploads\/2026\/02\/artur-2-300x259.jpeg 300w, https:\/\/kasprzak.ch.pw.edu.pl\/wp-content\/uploads\/2026\/02\/artur-2-768x662.jpeg 768w, https:\/\/kasprzak.ch.pw.edu.pl\/wp-content\/uploads\/2026\/02\/artur-2-1536x1324.jpeg 1536w, https:\/\/kasprzak.ch.pw.edu.pl\/wp-content\/uploads\/2026\/02\/artur-2.jpeg 1600w\" sizes=\"auto, (max-width: 1024px) 100vw, 1024px\" \/><\/figure>\n\n\n\n<p class=\"has-text-align-center\">Associate professor at Warsaw University of Technology, <br>Faculty of Chemistry, Department of Organic Chemistry<br>ORCID: <a href=\"https:\/\/orcid.org\/0000-0002-4895-1038\">0000-0002-4895-1038<\/a><\/p>\n\n\n\n<div style=\"height:49px\" aria-hidden=\"true\" class=\"wp-block-spacer\"><\/div>\n\n\n\n<details class=\"wp-block-details alignwide is-layout-flow wp-block-details-is-layout-flow\"><summary><strong>Education<\/strong><\/summary>\n<h3 class=\"wp-block-heading\"><strong>Habilitation (DSc)<\/strong> in Chemical Sciences \u2013 Warsaw University of Technology, <strong>2023<\/strong><\/h3>\n\n\n\n<h3 class=\"wp-block-heading\"><strong>PhD<\/strong> in Chemical Sciences (with distinction) \u2013 Warsaw University of Technology, <strong>2020<\/strong><\/h3>\n\n\n\n<h3 class=\"wp-block-heading\"><strong>MSc<\/strong> in Chemical Sciences \u2013 Warsaw University of Technology, <strong>2016<\/strong><\/h3>\n\n\n\n<h3 class=\"wp-block-heading\"><strong>BSc<\/strong> in Chemical Sciences \u2013 Warsaw University of Technology, <strong>2015<\/strong><\/h3>\n\n\n\n<div style=\"height:10px\" aria-hidden=\"true\" class=\"wp-block-spacer\"><\/div>\n<\/details>\n\n\n\n<details class=\"wp-block-details alignwide is-layout-flow wp-block-details-is-layout-flow\"><summary><strong>Internships<\/strong><\/summary>\n<h3 class=\"wp-block-heading\"><strong>Visiting researcher <\/strong>in Sakurai Group, The University of Osaka, <strong>Japan<\/strong> \u2013 2019<\/h3>\n\n\n\n<h3 class=\"wp-block-heading\"><strong>Visiting student <\/strong>in Sakurai Group, The University of Osaka, <strong>Japan<\/strong> \u2013 2016<\/h3>\n\n\n\n<div style=\"height:10px\" aria-hidden=\"true\" class=\"wp-block-spacer\"><\/div>\n<\/details>\n\n\n\n<details class=\"wp-block-details alignwide is-layout-flow wp-block-details-is-layout-flow\"><summary><strong>Selected awards and scholarships<\/strong><\/summary>\n<h3 class=\"wp-block-heading\">American Chemical Society (ACS) 2025 Rising Star in Organic &amp; Inorganic Chemistry (<strong>2025<\/strong>)<\/h3>\n\n\n\n<h3 class=\"wp-block-heading\">Young Scientist Medal, Warsaw University of Technology (<strong>2024<\/strong>)<\/h3>\n\n\n\n<h3 class=\"wp-block-heading\">W. \u015awi\u0119tos\u0142awski Award, Polish Chemical Society, 2<sup>nd<\/sup> Degree (<strong>2024<\/strong>), 3<sup>rd<\/sup> Degree (<strong>2019<\/strong>)<\/h3>\n\n\n\n<h3 class=\"wp-block-heading\">RSC Advances Outstanding Reviewer 2023 (<strong>2024<\/strong>)<\/h3>\n\n\n\n<h3 class=\"wp-block-heading\">Two papers recognized in <em>Dalton Transactions<\/em> in the Dalton Transactions &#8220;Quaternary HOT article&#8221; collections (<strong>2024<\/strong>)<\/h3>\n\n\n\n<h3 class=\"wp-block-heading\">Professor Mieczys\u0142aw M\u0105kosza Award, granted by the Council of the Foundation for the Support of Young Scientists, Institute of Organic Chemistry Polish Academy of Sciences (<strong>2023<\/strong>)<\/h3>\n\n\n\n<h3 class=\"wp-block-heading\">Polish Chemical Society Award for a distinguished PhD dissertation (<strong>2021<\/strong>)<\/h3>\n\n\n\n<h3 class=\"wp-block-heading\">Scholarship of the Minister of Science and Higher Education for outstanding young scientists (<strong>2020<\/strong>)<\/h3>\n\n\n\n<h3 class=\"wp-block-heading\">Distinction of PhD dissertation by the Discipline Council of Chemical Sciences, Warsaw University of Technology, Faculty of Chemistry (<strong>2020<\/strong>)<\/h3>\n\n\n\n<h3 class=\"wp-block-heading\">START Scholarship for young researchers, Foundation for Polish Science (<strong>2018<\/strong>)<\/h3>\n\n\n\n<h3 class=\"wp-block-heading\">Laureate of the \u201c\u03c0-Figuration School\u201d internship programme, supported by the Japanese government (Grant-in-Aid for Scientific Research on Innovative Areas \u201c\u03c0-System Figuration\u201d, MEXT, Japan; <strong>2016<\/strong>)<\/h3>\n\n\n\n<h3 class=\"wp-block-heading\">Highlights of eleven scientific publications (10 RSC, 1 Wiley) in the journals\u2019 covers (<strong>2017-2025<\/strong>)<\/h3>\n\n\n\n<div style=\"height:10px\" aria-hidden=\"true\" class=\"wp-block-spacer\"><\/div>\n<\/details>\n\n\n\n<details class=\"wp-block-details alignwide is-layout-flow wp-block-details-is-layout-flow\"><summary><strong>Selected research grants<\/strong><\/summary>\n<h3 class=\"wp-block-heading\"><strong>Principal investigator<\/strong>, National Science Centre, OPUS, topic: <em>Sumanene derivatives for cesium detection<\/em> (PL, 1.2M PLN)<\/h3>\n\n\n\n<h3 class=\"wp-block-heading\"><strong>Principal investigator<\/strong>, Excellence Initiative &#8211; Research University, Materials for Young, topic: <em>AIE-active materials<\/em> (PL, 200K PLN)<\/h3>\n\n\n\n<h3 class=\"wp-block-heading\"><strong>Principal investigator<\/strong>, Excellence Initiative &#8211; Research University, Technologie Materia\u0142owe III, topic: <em>AIE-active materials<\/em> (PL, 150K PLN)<\/h3>\n\n\n\n<h3 class=\"wp-block-heading\"><strong>Principal investigator<\/strong>, National Science Centre, PRELUDIUM, topic: <em>Magnetic carbon nanomaterials for various applications<\/em> (PL, 150K PLN)<\/h3>\n\n\n\n<h3 class=\"wp-block-heading\"><strong>Principal investigator<\/strong>, National Science Centre, ETIUDA, topic: <em>Magnetic carbon nanomaterials for various applications<\/em> (PL, 90K PLN)<\/h3>\n\n\n\n<h3 class=\"wp-block-heading\"><strong>Co-investigator<\/strong>, The National Centre for Research and Development, TEPCAN, topic: <em>Theranostic nanomedicine<\/em> (EU, PI, 6.5M PLN)<\/h3>\n\n\n\n<h3 class=\"wp-block-heading\"><strong>Co-investigator<\/strong>, The National Centre for Research and Development, GEMNS, topic: <em>Carbon-based theranostics<\/em> (EU, PI, 1.6M PLN)<\/h3>\n<\/details>\n\n\n\n<p><\/p>\n","protected":false},"excerpt":{"rendered":"<p>Assoc. Prof., Dr. Artur Kasprzak,PhD DSc. Associate professor at Warsaw University of Technology, Faculty of Chemistry, Department of Organic ChemistryORCID: 0000-0002-4895-1038<\/p>\n","protected":false},"author":2,"featured_media":0,"parent":0,"menu_order":0,"comment_status":"closed","ping_status":"closed","template":"","meta":{"footnotes":""},"class_list":["post-3963","page","type-page","status-publish","hentry"],"_links":{"self":[{"href":"https:\/\/kasprzak.ch.pw.edu.pl\/index.php?rest_route=\/wp\/v2\/pages\/3963","targetHints":{"allow":["GET"]}}],"collection":[{"href":"https:\/\/kasprzak.ch.pw.edu.pl\/index.php?rest_route=\/wp\/v2\/pages"}],"about":[{"href":"https:\/\/kasprzak.ch.pw.edu.pl\/index.php?rest_route=\/wp\/v2\/types\/page"}],"author":[{"embeddable":true,"href":"https:\/\/kasprzak.ch.pw.edu.pl\/index.php?rest_route=\/wp\/v2\/users\/2"}],"replies":[{"embeddable":true,"href":"https:\/\/kasprzak.ch.pw.edu.pl\/index.php?rest_route=%2Fwp%2Fv2%2Fcomments&post=3963"}],"version-history":[{"count":21,"href":"https:\/\/kasprzak.ch.pw.edu.pl\/index.php?rest_route=\/wp\/v2\/pages\/3963\/revisions"}],"predecessor-version":[{"id":4325,"href":"https:\/\/kasprzak.ch.pw.edu.pl\/index.php?rest_route=\/wp\/v2\/pages\/3963\/revisions\/4325"}],"wp:attachment":[{"href":"https:\/\/kasprzak.ch.pw.edu.pl\/index.php?rest_route=%2Fwp%2Fv2%2Fmedia&parent=3963"}],"curies":[{"name":"wp","href":"https:\/\/api.w.org\/{rel}","templated":true}]}}